{"id":59,"date":"2019-04-13T07:30:20","date_gmt":"2019-04-13T07:30:20","guid":{"rendered":"http:\/\/fotografias.rojima.es\/?page_id=59"},"modified":"2019-04-30T14:03:34","modified_gmt":"2019-04-30T14:03:34","slug":"estanque-del-parque-del-retiro-de-madrid","status":"publish","type":"page","link":"http:\/\/fotografias.rojima.es\/?page_id=59","title":{"rendered":"Estanque del Parque del Retiro de Madrid"},"content":{"rendered":"\n<p class=\"has-drop-cap has-small-font-size\">Fue creado en la primera mitad del&nbsp;<a href=\"https:\/\/es.wikipedia.org\/wiki\/Siglo_XVII\">siglo XVII<\/a>&nbsp;como uno de los elementos&nbsp;<a href=\"https:\/\/es.wikipedia.org\/wiki\/Paisajismo\">paisaj\u00edsticos<\/a>&nbsp;m\u00e1s relevantes del&nbsp;<a href=\"https:\/\/es.wikipedia.org\/wiki\/Palacio_del_Buen_Retiro\">Buen Retiro<\/a>,<a href=\"https:\/\/es.wikipedia.org\/wiki\/Estanque_Grande_del_Buen_Retiro#cite_note-ABC-1\">1\u200b una antigua posesi\u00f3n de la&nbsp;<\/a><a href=\"https:\/\/es.wikipedia.org\/wiki\/Monarqu%C3%ADa_Hisp%C3%A1nica\">Corona espa\u00f1ola<\/a>&nbsp;surgida durante el reinado de&nbsp;<a href=\"https:\/\/es.wikipedia.org\/wiki\/Felipe_IV_de_Espa%C3%B1a\">Felipe IV<\/a>&nbsp;(<a href=\"https:\/\/es.wikipedia.org\/wiki\/1605\">1605<\/a>&#8211;<a href=\"https:\/\/es.wikipedia.org\/wiki\/1665\">1665<\/a>). <\/p>\n\n\n\n<ul class=\"wp-block-gallery alignwide columns-1 is-cropped wp-block-gallery-1 is-layout-flex wp-block-gallery-is-layout-flex\"><li class=\"blocks-gallery-item\"><figure><a href=\"http:\/\/fotografias.rojima.es\/wp-content\/uploads\/2019\/04\/Estanque-del-Retiro-1.jpg\"><img loading=\"lazy\" decoding=\"async\" width=\"1000\" height=\"562\" src=\"http:\/\/fotografias.rojima.es\/wp-content\/uploads\/2019\/04\/Estanque-del-Retiro-1.jpg\" alt=\"Amanecer en El Retiro\" data-id=\"21\" data-link=\"http:\/\/fotografias.rojima.es\/?attachment_id=21\" class=\"wp-image-21\" srcset=\"http:\/\/fotografias.rojima.es\/wp-content\/uploads\/2019\/04\/Estanque-del-Retiro-1.jpg 1000w, http:\/\/fotografias.rojima.es\/wp-content\/uploads\/2019\/04\/Estanque-del-Retiro-1-300x169.jpg 300w, http:\/\/fotografias.rojima.es\/wp-content\/uploads\/2019\/04\/Estanque-del-Retiro-1-768x432.jpg 768w, http:\/\/fotografias.rojima.es\/wp-content\/uploads\/2019\/04\/Estanque-del-Retiro-1-508x285.jpg 508w\" sizes=\"(max-width: 1000px) 100vw, 1000px\" \/><\/a><figcaption>Foto tomada al amanecer en el Estanque del Retiro de Madrid<\/figcaption><\/figure><\/li><li class=\"blocks-gallery-item\"><figure><a href=\"http:\/\/fotografias.rojima.es\/wp-content\/uploads\/2019\/04\/Jardin-Estanque-del-Retiro-1.jpg\"><img loading=\"lazy\" decoding=\"async\" width=\"1000\" height=\"563\" src=\"http:\/\/fotografias.rojima.es\/wp-content\/uploads\/2019\/04\/Jardin-Estanque-del-Retiro-1.jpg\" alt=\"\" data-id=\"43\" data-link=\"http:\/\/fotografias.rojima.es\/?attachment_id=43\" class=\"wp-image-43\" srcset=\"http:\/\/fotografias.rojima.es\/wp-content\/uploads\/2019\/04\/Jardin-Estanque-del-Retiro-1.jpg 1000w, http:\/\/fotografias.rojima.es\/wp-content\/uploads\/2019\/04\/Jardin-Estanque-del-Retiro-1-300x169.jpg 300w, http:\/\/fotografias.rojima.es\/wp-content\/uploads\/2019\/04\/Jardin-Estanque-del-Retiro-1-768x432.jpg 768w, http:\/\/fotografias.rojima.es\/wp-content\/uploads\/2019\/04\/Jardin-Estanque-del-Retiro-1-508x286.jpg 508w\" sizes=\"(max-width: 1000px) 100vw, 1000px\" \/><\/a><figcaption>Jard\u00edn oculto cerca del Estanque del Retiro de Madrid<\/figcaption><\/figure><\/li><li class=\"blocks-gallery-item\"><figure><a href=\"http:\/\/fotografias.rojima.es\/wp-content\/uploads\/2019\/04\/Estanque-del-Retiro-3-1.jpg\"><img loading=\"lazy\" decoding=\"async\" width=\"1000\" height=\"562\" src=\"http:\/\/fotografias.rojima.es\/wp-content\/uploads\/2019\/04\/Estanque-del-Retiro-3-1.jpg\" alt=\"\" data-id=\"48\" data-link=\"http:\/\/fotografias.rojima.es\/?attachment_id=48\" class=\"wp-image-48\" srcset=\"http:\/\/fotografias.rojima.es\/wp-content\/uploads\/2019\/04\/Estanque-del-Retiro-3-1.jpg 1000w, http:\/\/fotografias.rojima.es\/wp-content\/uploads\/2019\/04\/Estanque-del-Retiro-3-1-300x169.jpg 300w, http:\/\/fotografias.rojima.es\/wp-content\/uploads\/2019\/04\/Estanque-del-Retiro-3-1-768x432.jpg 768w, http:\/\/fotografias.rojima.es\/wp-content\/uploads\/2019\/04\/Estanque-del-Retiro-3-1-508x285.jpg 508w\" sizes=\"(max-width: 1000px) 100vw, 1000px\" \/><\/a><\/figure><\/li><\/ul>\n\n\n\n<p class=\"has-drop-cap has-small-font-size\">Su titularidad corresponde, desde el a\u00f1o&nbsp;<a href=\"https:\/\/es.wikipedia.org\/wiki\/1868\">1868<\/a>, al&nbsp;<a href=\"https:\/\/es.wikipedia.org\/wiki\/Ayuntamiento_de_Madrid\">Ayuntamiento de Madrid<\/a>, al igual que los espacios ajardinados sobre los que se conform\u00f3 el parque p\u00fablico actual.<\/p>\n\n\n\n<p><a href=\"https:\/\/es.wikipedia.org\/wiki\/Estanque_Grande_del_Buen_Retiro\">https:\/\/es.wikipedia.org\/wiki\/Estanque_Grande_del_Buen_Retiro<\/a><\/p>\n","protected":false},"excerpt":{"rendered":"<p>Fue creado en la primera mitad del&nbsp;siglo XVII&nbsp;como uno de los elementos&nbsp;paisaj\u00edsticos&nbsp;m\u00e1s relevantes del&nbsp;Buen Retiro,1\u200b una antigua posesi\u00f3n de la&nbsp;Corona espa\u00f1ola&nbsp;surgida durante el reinado de&nbsp;Felipe IV&nbsp;(1605&#8211;1665). Su titularidad corresponde, desde el a\u00f1o&nbsp;1868, al&nbsp;Ayuntamiento de Madrid, al igual que los espacios ajardinados sobre los que se conform\u00f3 el parque p\u00fablico actual. https:\/\/es.wikipedia.org\/wiki\/Estanque_Grande_del_Buen_Retiro<\/p>\n","protected":false},"author":1,"featured_media":21,"parent":0,"menu_order":15,"comment_status":"closed","ping_status":"closed","template":"","meta":{"footnotes":""},"jetpack_sharing_enabled":true,"_links":{"self":[{"href":"http:\/\/fotografias.rojima.es\/index.php?rest_route=\/wp\/v2\/pages\/59"}],"collection":[{"href":"http:\/\/fotografias.rojima.es\/index.php?rest_route=\/wp\/v2\/pages"}],"about":[{"href":"http:\/\/fotografias.rojima.es\/index.php?rest_route=\/wp\/v2\/types\/page"}],"author":[{"embeddable":true,"href":"http:\/\/fotografias.rojima.es\/index.php?rest_route=\/wp\/v2\/users\/1"}],"replies":[{"embeddable":true,"href":"http:\/\/fotografias.rojima.es\/index.php?rest_route=%2Fwp%2Fv2%2Fcomments&post=59"}],"version-history":[{"count":6,"href":"http:\/\/fotografias.rojima.es\/index.php?rest_route=\/wp\/v2\/pages\/59\/revisions"}],"predecessor-version":[{"id":173,"href":"http:\/\/fotografias.rojima.es\/index.php?rest_route=\/wp\/v2\/pages\/59\/revisions\/173"}],"wp:featuredmedia":[{"embeddable":true,"href":"http:\/\/fotografias.rojima.es\/index.php?rest_route=\/wp\/v2\/media\/21"}],"wp:attachment":[{"href":"http:\/\/fotografias.rojima.es\/index.php?rest_route=%2Fwp%2Fv2%2Fmedia&parent=59"}],"curies":[{"name":"wp","href":"https:\/\/api.w.org\/{rel}","templated":true}]}}